{"id":118,"date":"2022-10-07T06:07:14","date_gmt":"2022-10-07T06:07:14","guid":{"rendered":"https:\/\/urjalanrengaspalvelu.fi\/?page_id=118"},"modified":"2022-10-07T06:09:48","modified_gmt":"2022-10-07T06:09:48","slug":"laskutustiedot","status":"publish","type":"page","link":"https:\/\/urjalanrengaspalvelu.fi\/?page_id=118","title":{"rendered":"Laskutustiedot"},"content":{"rendered":"<p><strong>Arvoisa yhteisty\u00f6kumppanimme,<\/strong><br \/>\nOlemme siirtyneet s\u00e4hk\u00f6iseen laskutukseen ja toivomme saavamme laskut ensisijaisesti s\u00e4hk\u00f6isess\u00e4 muodossa.<br \/>\nMik\u00e4li yrityksell\u00e4nne ei ole mahdollisuutta toimittaa verkkolaskuja tai l\u00e4hett\u00e4\u00e4 laskuja s\u00e4hk\u00f6postilla, voitte l\u00e4hett\u00e4\u00e4<br \/>\npaperilaskut skannauspalveluosoitteeseen.<br \/>\nEmme vastaanota laskuja k\u00e4yntiosoitteeseemme.<\/p>\n<p>Urjalan Rengaspalvelu Oy<br \/>\nPeltorinteentie<br \/>\n31760 URJALA<\/p>\n<p><strong>Verkkolaskut<\/strong><br \/>\nUrjalan Rengaspalvelu Oy, 2219998-9<\/p>\n<p>Verkkolaskuosoite: 003722199989<br \/>\nOperaattori : Maventa (003721291126)<br \/>\nV\u00e4litt\u00e4j\u00e4tunnus pankkiverkosta l\u00e4hetett\u00e4ess\u00e4 : DABAFIHH*<\/p>\n<p>*K\u00e4ytt\u00e4k\u00e4\u00e4 t\u00e4t\u00e4 v\u00e4litt\u00e4j\u00e4tunnusta mik\u00e4li k\u00e4yt\u00f6ss\u00e4nne olevasta verkkolaskutusohjelmasta ei voi l\u00e4hett\u00e4\u00e4 laskuja suoraan Mavenlan<br \/>\nv\u00e4litt\u00e4j\u00e4tunnukselle.<\/p>\n<p>Verkkolaskuosoite: FI1454884320030531<br \/>\nOperaattori: Etel\u00e4-Pirkanmaan Osuuspankki (OKOYFIHH)<\/p>\n<p><strong>Laskujen vastaanotto s\u00e4hk\u00f6postitse skannauspalveluun<\/strong><br \/>\nToivomme, ett\u00e4 l\u00e4het\u00e4tte t\u00e4h\u00e4n osoitteeseen ainoastaan laskuja.<br \/>\nLaskut l\u00e4hetet\u00e4\u00e4n palveluun s\u00e4hk\u00f6postin PDF-muotoisina liitetiedostoina ja laskun liitteiden tulee olla samassa tiedostossa itse laskun kanssa.<\/p>\n<p>S\u00e4hk\u00f6postilaskun osoite: 22199989@scan. netvisor.fi<\/p>\n<p>. Voit l\u00e4hett\u00e4\u00e4 useita laskuja yhdess\u00e4 s\u00e4hk\u00f6postiviestiss\u00e4, kunhan jokainen lasku on erillisen\u00e4 \u00a0liitetiedostona. Kaikilla tiedostoilla tulee olla eri nimi.<br \/>\n. Yhden s\u00e4hk\u00f6postin maksimikoko on 5Mb.<br \/>\n. PDF-tiedostojen tulee olla aitoja PDF-dokumentteja (PDF- versio 1.3 tai uudempi).<br \/>\n. PDF-tiedostot eiv\u00e4t saa olla lukittuja tai salasanalla suojattuja.<br \/>\n. Dokumentin ulkomitta voi olla maksimissaan 210 x 297 mm.<br \/>\n. Liitteen nimen sallitut merkit ovat tavallisia kirjoitusmerkkej\u00e4, a-2, A-Z&#8217;,0-9. Eth\u00e4n k\u00e4yt\u00e4 erikoismerkkej\u00e4 tai v\u00e4lily\u00f6ntej\u00e4 liitteiden<br \/>\nnime\u00e4miseen.<\/p>\n<p><strong>Laskujen vastaanotto postitse skannauspalveluun<\/strong><br \/>\nOsoitetietojen tulee olla t\u00e4ydellisin\u00e4 sek\u00e4 laskussa ett\u00e4 kirjekuoressa, jotta lasku voidaan v\u00e4litt\u00e4\u00e4 nopeasti ja Iuotettavasti vastaanottajalleen.<\/p>\n<p>Urjalan Rengaspalvelu Oy<br \/>\n22199989<br \/>\nPL 1OO<br \/>\n80020 Kollektor Scan<\/p>\n<p>. L\u00e4het\u00e4th\u00e4n skannausosoitteeseen ainoastaan laskumateriaalia. N\u00e4m\u00e4 postit luetaan automaattisesti yrityksemme reskontraan, eik\u00e4<br \/>\nmik\u00e4\u00e4n muu materiaali (esimerkiksi kuitit, liikelahjat, luottokortit ja p\u00e4\u00e4syliput) saavuta vastaanottajaansa t\u00e4t\u00e4 kautta.<br \/>\n. \u00a0K\u00e4yt\u00e4th\u00e4n mieluiten tekstiss\u00e4 vain mustaa v\u00e4ri\u00e4 valkoisella pohjalla: se antaa selkeimm\u00e4n lopputuloksen laskun tietojen tunnistusta<br \/>\nvarten.<br \/>\n. Eth\u00e4n k\u00e4yt\u00e4 niittej\u00e4 skannauspalveluun l\u00e4hetetyiss\u00e4 laskuissa.<\/p>\n","protected":false},"excerpt":{"rendered":"<p>Arvoisa yhteisty\u00f6kumppanimme, Olemme siirtyneet s\u00e4hk\u00f6iseen laskutukseen ja toivomme saavamme laskut ensisijaisesti s\u00e4hk\u00f6isess\u00e4 muodossa. Mik\u00e4li yrityksell\u00e4nne ei ole mahdollisuutta toimittaa verkkolaskuja tai l\u00e4hett\u00e4\u00e4 laskuja s\u00e4hk\u00f6postilla, voitte l\u00e4hett\u00e4\u00e4 paperilaskut skannauspalveluosoitteeseen. Emme vastaanota laskuja k\u00e4yntiosoitteeseemme. Urjalan Rengaspalvelu Oy Peltorinteentie 31760 URJALA Verkkolaskut Urjalan &hellip;<\/p>\n<p class=\"read-more\"> <a class=\"more-link\" href=\"https:\/\/urjalanrengaspalvelu.fi\/?page_id=118\"> <span class=\"screen-reader-text\">Laskutustiedot<\/span> Read More &raquo;<\/a><\/p>\n","protected":false},"author":1,"featured_media":0,"parent":0,"menu_order":0,"comment_status":"closed","ping_status":"closed","template":"","meta":{"footnotes":""},"class_list":["post-118","page","type-page","status-publish","hentry"],"_links":{"self":[{"href":"https:\/\/urjalanrengaspalvelu.fi\/index.php?rest_route=\/wp\/v2\/pages\/118","targetHints":{"allow":["GET"]}}],"collection":[{"href":"https:\/\/urjalanrengaspalvelu.fi\/index.php?rest_route=\/wp\/v2\/pages"}],"about":[{"href":"https:\/\/urjalanrengaspalvelu.fi\/index.php?rest_route=\/wp\/v2\/types\/page"}],"author":[{"embeddable":true,"href":"https:\/\/urjalanrengaspalvelu.fi\/index.php?rest_route=\/wp\/v2\/users\/1"}],"replies":[{"embeddable":true,"href":"https:\/\/urjalanrengaspalvelu.fi\/index.php?rest_route=%2Fwp%2Fv2%2Fcomments&post=118"}],"version-history":[{"count":3,"href":"https:\/\/urjalanrengaspalvelu.fi\/index.php?rest_route=\/wp\/v2\/pages\/118\/revisions"}],"predecessor-version":[{"id":122,"href":"https:\/\/urjalanrengaspalvelu.fi\/index.php?rest_route=\/wp\/v2\/pages\/118\/revisions\/122"}],"wp:attachment":[{"href":"https:\/\/urjalanrengaspalvelu.fi\/index.php?rest_route=%2Fwp%2Fv2%2Fmedia&parent=118"}],"curies":[{"name":"wp","href":"https:\/\/api.w.org\/{rel}","templated":true}]}}