{"id":18,"date":"2019-04-28T08:14:35","date_gmt":"2019-04-28T08:14:35","guid":{"rendered":"https:\/\/urjalanrengaspalvelu.fi\/?page_id=18"},"modified":"2019-04-29T05:50:37","modified_gmt":"2019-04-29T05:50:37","slug":"palvelut","status":"publish","type":"page","link":"https:\/\/urjalanrengaspalvelu.fi\/?page_id=18","title":{"rendered":"Palvelut"},"content":{"rendered":"<h3>Rengaspalvelut<\/h3>\n<ul>\n<li>Henkil\u00f6- ja pakettiautojen renkaat<\/li>\n<li>Raskaan kaluston renkaat<\/li>\n<li>Maatalouskoneiden renkaat<\/li>\n<\/ul>\n<p>Saat meilt\u00e4 uudet laadukkaat renkaat, kysy my\u00f6s k\u00e4ytettyjen renkaiden valikoimaamme. Hoidamme renkaiden vaihdot, pinnoitukset ja paistokorjaukset ammattitaidolla ja huolella.<\/p>\n<h3>Rengashotelli<\/h3>\n<p>Kysy my\u00f6s rengashotellistamme! Meill\u00e4 onnistuu my\u00f6s renkaidesi kausis\u00e4ilytys. S\u00e4\u00e4styt renkaiden kuljettamiselta ja varastoinnilta itse.<\/p>\n<h3>Vanteet<\/h3>\n<ul>\n<li>Henkil\u00f6- ja pakettiautoihin saat kauttamme laadukkaat pelti- ja alumiinivanteet. Edustamme mm. merkkej\u00e4 H. Kraatz, \u00d6rum, Motoral, Bridgestone.<\/li>\n<\/ul>\n<h3>Bandag \u2013rengaspinnoitukset<\/h3>\n<p>Hoidamme raskaan kalustosi renkaiden pinnoitukset ammattitaidolla. Tuo renkaasi ajoissa pinnoitukseen!<\/p>\n<h3>Paistokorjaukset raskaalle kalustolle<\/h3>\n<ul>\n<li>Teemme paistokorjauksia raskaan kaluston renkaille aina tarvittaessa<\/li>\n<\/ul>\n<p>Yritt\u00e4j\u00e4asiakkaille meill\u00e4 toimii my\u00f6s p\u00e4ivystyspalvelu 24 h\/7!<\/p>\n","protected":false},"excerpt":{"rendered":"<p>Rengaspalvelut Henkil\u00f6- ja pakettiautojen renkaat Raskaan kaluston renkaat Maatalouskoneiden renkaat Saat meilt\u00e4 uudet laadukkaat renkaat, kysy my\u00f6s k\u00e4ytettyjen renkaiden valikoimaamme. Hoidamme renkaiden vaihdot, pinnoitukset ja paistokorjaukset ammattitaidolla ja huolella. Rengashotelli Kysy my\u00f6s rengashotellistamme! Meill\u00e4 onnistuu my\u00f6s renkaidesi kausis\u00e4ilytys. S\u00e4\u00e4styt renkaiden &hellip;<\/p>\n<p class=\"read-more\"> <a class=\"more-link\" href=\"https:\/\/urjalanrengaspalvelu.fi\/?page_id=18\"> <span class=\"screen-reader-text\">Palvelut<\/span> Read More &raquo;<\/a><\/p>\n","protected":false},"author":1,"featured_media":0,"parent":0,"menu_order":0,"comment_status":"closed","ping_status":"closed","template":"full-width-page.php","meta":{"footnotes":""},"class_list":["post-18","page","type-page","status-publish","hentry"],"_links":{"self":[{"href":"https:\/\/urjalanrengaspalvelu.fi\/index.php?rest_route=\/wp\/v2\/pages\/18","targetHints":{"allow":["GET"]}}],"collection":[{"href":"https:\/\/urjalanrengaspalvelu.fi\/index.php?rest_route=\/wp\/v2\/pages"}],"about":[{"href":"https:\/\/urjalanrengaspalvelu.fi\/index.php?rest_route=\/wp\/v2\/types\/page"}],"author":[{"embeddable":true,"href":"https:\/\/urjalanrengaspalvelu.fi\/index.php?rest_route=\/wp\/v2\/users\/1"}],"replies":[{"embeddable":true,"href":"https:\/\/urjalanrengaspalvelu.fi\/index.php?rest_route=%2Fwp%2Fv2%2Fcomments&post=18"}],"version-history":[{"count":8,"href":"https:\/\/urjalanrengaspalvelu.fi\/index.php?rest_route=\/wp\/v2\/pages\/18\/revisions"}],"predecessor-version":[{"id":64,"href":"https:\/\/urjalanrengaspalvelu.fi\/index.php?rest_route=\/wp\/v2\/pages\/18\/revisions\/64"}],"wp:attachment":[{"href":"https:\/\/urjalanrengaspalvelu.fi\/index.php?rest_route=%2Fwp%2Fv2%2Fmedia&parent=18"}],"curies":[{"name":"wp","href":"https:\/\/api.w.org\/{rel}","templated":true}]}}