{"id":65,"date":"2019-04-29T06:05:02","date_gmt":"2019-04-29T06:05:02","guid":{"rendered":"https:\/\/urjalanrengaspalvelu.fi\/?page_id=65"},"modified":"2019-04-29T06:05:39","modified_gmt":"2019-04-29T06:05:39","slug":"cookie-policy","status":"publish","type":"page","link":"https:\/\/urjalanrengaspalvelu.fi\/?page_id=65","title":{"rendered":"Ev\u00e4stek\u00e4yt\u00e4nt\u00f6"},"content":{"rendered":"<div class=\"cli_pg_page_contaner\">\n<h3><strong style=\"font-size: 16px;\">Ev\u00e4stek\u00e4yt\u00e4nt\u00f6<\/strong><\/h3>\n<div>\n<p>Sivustollamme https:\/\/urjalanrengaspalvelu.fi k\u00e4ytet\u00e4\u00e4n ev\u00e4steit\u00e4 joiden avulla sinut erotetaan sivustomme muista k\u00e4ytt\u00e4jist\u00e4. Tarkalleen sanoen tunnistamme selaimesi, ja\u00a0tietoa ei voi yhdist\u00e4\u00e4 esimerkiksi nimeesi tai osoitteeseesi.<\/p>\n<p>Ev\u00e4steet ker\u00e4\u00e4v\u00e4t meille t\u00e4rke\u00e4t\u00e4 tietoa, koska niiden avulla\u00a0saamme tiet\u00e4\u00e4 koska vierailit sivustollamme, mit\u00e4 kautta sinne p\u00e4\u00e4dyit, kauanko viivyit siell\u00e4 ja mit\u00e4 sivuja selasit. T\u00e4m\u00e4 data auttaa meit\u00e4 kehitt\u00e4m\u00e4\u00e4n sivustoamme, tuotteitamme\u00a0ja palveluitamme.<\/p>\n<p>Ev\u00e4ste on pieni tekstitiedosto joka ladataan laitteellesi jotta voimme tunnistaa selaimesi kun vierailet sivuillamme. Ev\u00e4ste siis vain \u201ckorvamerkitsee\u201d selaimesi, se ei ole ohjelma joten sen mukana ei voida asentaa viruksia tai haittaohjelmia.\u00a0Halutessasi voit poistaa ev\u00e4steet jolloin emme en\u00e4\u00e4 tunnista sinua ja est\u00e4\u00e4 niiden lis\u00e4\u00e4misen selaimesi asetuksista. Sivustomme selaaminen ei vaadi ev\u00e4steiden hyv\u00e4ksymist\u00e4 selaimessasi.<\/p>\n<p>Sivustolla k\u00e4ytet\u00e4\u00e4n eri ohjelmistoja ja teknologioita\u00a0k\u00e4vij\u00e4seurantaa, mainontaa,\u00a0mainonnan seurantaa, mainonnan uudelleenkohdistamista ja sivuston k\u00e4ytett\u00e4vyyden parantamista varten. My\u00f6s n\u00e4m\u00e4 voivat tallentaa k\u00e4ytt\u00e4j\u00e4n laitteelle v\u00e4liaikaisia ja pysyvi\u00e4 ev\u00e4steit\u00e4, eli ns. kolmannen osapuolen ev\u00e4steit\u00e4.\u00a0K\u00e4ytett\u00e4v\u00e4t teknologiat:<\/p>\n<ul>\n<li>Google Analytics<\/li>\n<li>Google Adwords<\/li>\n<li>Google Webmaster Tools<\/li>\n<\/ul>\n<p>Edell\u00e4 mainitut teknologiat ja ohjelmistot\u00a0saattavat tallentaa\u00a0dataa eri puolilla maailmaa sijaitseviin tallennussijainteihin.<\/p>\n<p>Kolmannet osapuolet, kuten Google, voivat k\u00e4ytt\u00e4\u00e4 ev\u00e4steit\u00e4, majakoita ja muita tallennustekniikoita ker\u00e4tess\u00e4\u00e4n ja vastaanottaessaan tietoja sivustoistamme ja k\u00e4ytt\u00e4\u00e4 n\u00e4it\u00e4 tietoja mittauspalvelujen tarjoamiseen ja mainosten kohdentamiseen.<\/p>\n<p>Lis\u00e4tietoja ev\u00e4steist\u00e4 sek\u00e4 siit\u00e4, miten n\u00e4et, mit\u00e4 ev\u00e4steit\u00e4 on asetettu, ja miten voit hallita, est\u00e4\u00e4 ja poistaa niit\u00e4, saat osoitteista\u00a0<a href=\"http:\/\/www.allaboutcookies.org\/\">www.allaboutcookies.org<\/a>\u00a0ja\/tai\u00a0<a href=\"http:\/\/www.aboutcookies.org\/\">www.aboutcookies.org<\/a>. Sivustot osoitteissa\u00a0<a href=\"http:\/\/www.allaboutcookies.org\/\">www.allaboutcookies.org<\/a>\u00a0ja\u00a0<a href=\"http:\/\/www.aboutcookies.org\/\">www.aboutcookies.org<\/a>\u00a0antavat tarkat, vaihe vaiheelta etenev\u00e4t ohjeet ev\u00e4steiden hallintaan ja poistamiseen selaintyypist\u00e4 riippuen. Voit s\u00e4\u00e4t\u00e4\u00e4 selaimesi asetukset haluamallesi suojaustasolle.<\/p>\n<p>Seuraavissa ulkopuolisissa linkeiss\u00e4 selostetaan, miten ev\u00e4steiden hallinta onnistuu yleisimmill\u00e4 selaintyypeill\u00e4:<\/p>\n<p>Internet Explorer:\u00a0<a href=\"http:\/\/support.microsoft.com\/kb\/278835\">http:\/\/support.microsoft.com\/kb\/278835<\/a><\/p>\n<p>Chrome:\u00a0<a href=\"http:\/\/support.google.com\/chrome\/bin\/answer.py?hl=en-GB&amp;answer=95647\">http:\/\/support.google.com\/chrome\/bin\/answer.py?hl=en-GB&amp;answer=95647<\/a><\/p>\n<p>Firefox:\u00a0<a href=\"http:\/\/support.mozilla.org\/en-US\/kb\/Enabling%20and%20disabling%20cookies\">http:\/\/support.mozilla.org\/en-US\/kb\/Enabling%20and%20disabling%20cookies<\/a><\/p>\n<p>Safari:\u00a0<a href=\"http:\/\/docs.info.apple.com\/article.html?path=Safari\/5.0\/en\/9277.html\">http:\/\/docs.info.apple.com\/article.html?path=Safari\/5.0\/en\/9277.html<\/a><\/p>\n<p>Opera:\u00a0<a href=\"http:\/\/www.opera.com\/browser\/tutorials\/security\/privacy\/\">http:\/\/www.opera.com\/browser\/tutorials\/security\/privacy\/<\/a><\/p>\n<p>Android:\u00a0<a href=\"http:\/\/support.google.com\/mobile\/bin\/answer.py?hl=en&amp;answer=169022\">http:\/\/support.google.com\/mobile\/bin\/answer.py?hl=en&amp;answer=169022<\/a><\/p>\n<p>Blackberry:\u00a0<a href=\"http:\/\/docs.blackberry.com\/en\/smartphone_users\/deliverables\/32004\/Turn_off_cookies_in_the_browser_60_1072866_11.jsp\">http:\/\/docs.blackberry.com\/en\/smartphone_users\/deliverables\/32004\/Turn_off_cookies_in_the_browser_60_1072866_11.jsp<\/a><\/p>\n<div class=\"cli_user_consent_state\">Your current state: No consent given. <a class=\"cli_manage_current_consent\" style=\"cursor:pointer;text-decoration:underline;\">Manage your consent.<\/a> <\/div>\n<\/div>\n<h3>Mit\u00e4 ovat ev\u00e4steet ?<\/h3>\n<div>\n<p>Ev\u00e4steet ovat pieni\u00e4 tekstitiedostoja, joita k\u00e4ytet\u00e4\u00e4n pienten tietojen tallentamiseen. Ev\u00e4steet tallennetaan laitteellesi, kun sivusto ladataan selaimeen. N\u00e4m\u00e4 ev\u00e4steet auttavat meit\u00e4 tekem\u00e4\u00e4n verkkosivustosta asianmukaisen, tekem\u00e4\u00e4n sivustosta turvallisemman, tarjoamaan parempaa k\u00e4ytt\u00e4j\u00e4kokemusta ja ymm\u00e4rt\u00e4m\u00e4\u00e4n, miten sivusto toimii, ja analysoida, mik\u00e4 toimii ja miss\u00e4 se tarvitsee parannuksia.<\/p>\n<\/div>\n<h3>Miten k\u00e4yt\u00e4mme ev\u00e4steit\u00e4 ?<\/h3>\n<div>\n<p>Koska suurin osa verkkopalveluista, sivustomme k\u00e4ytt\u00e4\u00e4 ev\u00e4steit\u00e4 ensimm\u00e4isen osapuolen ja kolmannen osapuolen ev\u00e4steit\u00e4 useisiin tarkoituksiin. Ensimm\u00e4isen osapuolen ev\u00e4steet ovat enimm\u00e4kseen v\u00e4ltt\u00e4m\u00e4tt\u00f6mi\u00e4, jotta sivusto toimisi oikein, eik\u00e4 he ker\u00e4\u00e4 mit\u00e4\u00e4n henkil\u00f6kohtaisesti tunnistettavia tietojasi. Verkkosivuillamme k\u00e4ytettyj\u00e4 kolmannen osapuolen ev\u00e4steit\u00e4 k\u00e4ytet\u00e4\u00e4n p\u00e4\u00e4asiassa ymm\u00e4rt\u00e4m\u00e4\u00e4n, miten sivusto toimii, vuorovaikutuksessa verkkosivustomme kanssa pit\u00e4m\u00e4ll\u00e4 palvelumme turvassa, tarjoamalla sinulle t\u00e4rkeit\u00e4 mainoksia ja kaiken kaikkiaan tarjoamalla sinulle parempaa ja parempaa k\u00e4ytt\u00e4j\u00e4kokemusta ja nopeuttamalla tulevaa vuorovaikutusta verkkosivustomme kanssa.<\/p>\n<\/div>\n<h3>Millaisia ev\u00e4steit\u00e4 k\u00e4yt\u00e4mme ?<\/h3>\n<div>\n<p><span style=\"font-weight: bold;\">Perus<\/span>: Jotkut ev\u00e4steet ovat v\u00e4ltt\u00e4m\u00e4tt\u00f6mi\u00e4, jotta voit kokea sivuston t\u00e4ydellisen toimivuuden. Niiden avulla voimme yll\u00e4pit\u00e4\u00e4 k\u00e4ytt\u00e4j\u00e4istuntoja ja est\u00e4\u00e4 turvallisuusuhkia. He eiv\u00e4t ker\u00e4\u00e4 tai s\u00e4ilyt\u00e4 henkil\u00f6kohtaisia tietoja. N\u00e4iden ev\u00e4steiden avulla voit esimerkiksi kirjautua sis\u00e4\u00e4n tilillesi ja lis\u00e4t\u00e4 tuotteita koriinne ja kassalle turvallisesti.<\/p>\n<p><span style=\"font-weight: bold;\">Tilasto:<\/span> N\u00e4m\u00e4 ev\u00e4steet tallentavat tietoja, kuten verkkosivuston k\u00e4vij\u00e4m\u00e4\u00e4r\u00e4n, ainutlaatuisten k\u00e4vij\u00f6iden m\u00e4\u00e4r\u00e4n, sivuston sivut, vierailun l\u00e4hde jne. N\u00e4m\u00e4 tiedot auttavat meit\u00e4 ymm\u00e4rt\u00e4m\u00e4\u00e4n ja analysoimaan, miten hyvin sivusto toimii ja miss\u00e4 se on tarvitsee parannusta.<\/p>\n<p><span style=\"font-weight: bold;\">Toiminnallinen:<\/span> N\u00e4m\u00e4 ovat ev\u00e4steit\u00e4, jotka auttavat tiettyj\u00e4 ei-olennaisia toimintoja verkkosivuillamme. N\u00e4m\u00e4 toiminnot sis\u00e4lt\u00e4v\u00e4t sis\u00e4ll\u00f6n kuten videoiden tai sis\u00e4ll\u00f6n jakamisen verkkosivuilla sosiaalisen median alustoilla.<\/p>\n<p><span style=\"font-weight: bold;\">Asetukset:<\/span> N\u00e4m\u00e4 ev\u00e4steet auttavat meit\u00e4 tallentamaan asetukset ja selausasetukset, kuten kieliasetukset, jotta sinulla on parempi ja tehokas kokemus tulevista vierailuista verkkosivuilla.<\/p>\n\n<\/div>\n<h3>Miten voin hallita ev\u00e4steiden asetuksia ?<\/h3>\n<div>\n<p>Jos p\u00e4\u00e4t\u00e4t muuttaa asetuksiasi my\u00f6hemmin selausistunnon aikana, voit napsauttaa n\u00e4yt\u00f6n Tietosuoja- ja ev\u00e4stepolitiikkaa -v\u00e4lilehte\u00e4. N\u00e4ytt\u00f6\u00f6n tulee j\u00e4lleen suostumusilmoitus, jonka avulla voit muuttaa asetuksiasi tai peruuttaa suostumuksesi kokonaan.<\/p>\n<p>T\u00e4m\u00e4n lis\u00e4ksi eri selaimet tarjoavat erilaisia menetelmi\u00e4 verkkosivustojen k\u00e4ytt\u00e4mien ev\u00e4steiden est\u00e4miseksi ja poistamiseksi. Voit muuttaa selaimesi asetuksia est\u00e4\u00e4ksesi ev\u00e4steet. Saat lis\u00e4tietoja siit\u00e4, miten voit hallita ja poistaa ev\u00e4steit\u00e4\u00a0 <a href=\"https:\/\/en.wikipedia.org\/wiki\/HTTP_cookie\" target=\"_blank\" rel=\"nofollow noopener noreferrer\">wikipedia.org<\/a>, <a href=\"http:\/\/www.allaboutcookies.org\/\" target=\"_blank\" rel=\"nofollow noopener noreferrer\">www.allaboutcookies.org.<\/a><\/p>\n<\/div>\n<\/div>\n","protected":false},"excerpt":{"rendered":"<p>Ev\u00e4stek\u00e4yt\u00e4nt\u00f6 Sivustollamme https:\/\/urjalanrengaspalvelu.fi k\u00e4ytet\u00e4\u00e4n ev\u00e4steit\u00e4 joiden avulla sinut erotetaan sivustomme muista k\u00e4ytt\u00e4jist\u00e4. Tarkalleen sanoen tunnistamme selaimesi, ja\u00a0tietoa ei voi yhdist\u00e4\u00e4 esimerkiksi nimeesi tai osoitteeseesi. Ev\u00e4steet ker\u00e4\u00e4v\u00e4t meille t\u00e4rke\u00e4t\u00e4 tietoa, koska niiden avulla\u00a0saamme tiet\u00e4\u00e4 koska vierailit sivustollamme, mit\u00e4 kautta sinne p\u00e4\u00e4dyit, &hellip;<\/p>\n<p class=\"read-more\"> <a class=\"more-link\" href=\"https:\/\/urjalanrengaspalvelu.fi\/?page_id=65\"> <span class=\"screen-reader-text\">Ev\u00e4stek\u00e4yt\u00e4nt\u00f6<\/span> Read More &raquo;<\/a><\/p>\n","protected":false},"author":1,"featured_media":0,"parent":0,"menu_order":0,"comment_status":"closed","ping_status":"closed","template":"","meta":{"footnotes":""},"class_list":["post-65","page","type-page","status-publish","hentry"],"_links":{"self":[{"href":"https:\/\/urjalanrengaspalvelu.fi\/index.php?rest_route=\/wp\/v2\/pages\/65","targetHints":{"allow":["GET"]}}],"collection":[{"href":"https:\/\/urjalanrengaspalvelu.fi\/index.php?rest_route=\/wp\/v2\/pages"}],"about":[{"href":"https:\/\/urjalanrengaspalvelu.fi\/index.php?rest_route=\/wp\/v2\/types\/page"}],"author":[{"embeddable":true,"href":"https:\/\/urjalanrengaspalvelu.fi\/index.php?rest_route=\/wp\/v2\/users\/1"}],"replies":[{"embeddable":true,"href":"https:\/\/urjalanrengaspalvelu.fi\/index.php?rest_route=%2Fwp%2Fv2%2Fcomments&post=65"}],"version-history":[{"count":4,"href":"https:\/\/urjalanrengaspalvelu.fi\/index.php?rest_route=\/wp\/v2\/pages\/65\/revisions"}],"predecessor-version":[{"id":69,"href":"https:\/\/urjalanrengaspalvelu.fi\/index.php?rest_route=\/wp\/v2\/pages\/65\/revisions\/69"}],"wp:attachment":[{"href":"https:\/\/urjalanrengaspalvelu.fi\/index.php?rest_route=%2Fwp%2Fv2%2Fmedia&parent=65"}],"curies":[{"name":"wp","href":"https:\/\/api.w.org\/{rel}","templated":true}]}}